{"id":257,"date":"2024-02-03T21:29:43","date_gmt":"2024-02-03T21:29:43","guid":{"rendered":"https:\/\/hectordelavega.es\/?page_id=257"},"modified":"2025-09-16T18:19:44","modified_gmt":"2025-09-16T18:19:44","slug":"biografia","status":"publish","type":"page","link":"https:\/\/hectordelavega.es\/index.php\/biografia\/","title":{"rendered":"Biografia"},"content":{"rendered":"\t\t<div data-elementor-type=\"wp-page\" data-elementor-id=\"257\" class=\"elementor elementor-257\">\n\t\t\t\t\t\t\t\t\t<section class=\"elementor-section elementor-top-section elementor-element elementor-element-ee39ffd elementor-section-height-min-height elementor-section-items-bottom elementor-section-content-space-between elementor-section-boxed elementor-section-height-default\" data-id=\"ee39ffd\" data-element_type=\"section\" data-settings=\"{&quot;background_background&quot;:&quot;gradient&quot;}\">\n\t\t\t\t\t\t<div class=\"elementor-container elementor-column-gap-default\">\n\t\t\t\t\t<div class=\"elementor-column elementor-col-100 elementor-top-column elementor-element elementor-element-12c1f132\" data-id=\"12c1f132\" data-element_type=\"column\">\n\t\t\t<div class=\"elementor-widget-wrap elementor-element-populated\">\n\t\t\t\t\t\t\t\t<div class=\"elementor-element elementor-element-efa35e0 elementor-widget__width-initial elementor-invisible elementor-widget elementor-widget-heading\" data-id=\"efa35e0\" data-element_type=\"widget\" data-settings=\"{&quot;_animation&quot;:&quot;fadeInUp&quot;}\" data-widget_type=\"heading.default\">\n\t\t\t\t<div class=\"elementor-widget-container\">\n\t\t\t<style>\/*! elementor - v3.18.0 - 20-12-2023 *\/\n.elementor-heading-title{padding:0;margin:0;line-height:1}.elementor-widget-heading .elementor-heading-title[class*=elementor-size-]>a{color:inherit;font-size:inherit;line-height:inherit}.elementor-widget-heading .elementor-heading-title.elementor-size-small{font-size:15px}.elementor-widget-heading .elementor-heading-title.elementor-size-medium{font-size:19px}.elementor-widget-heading .elementor-heading-title.elementor-size-large{font-size:29px}.elementor-widget-heading .elementor-heading-title.elementor-size-xl{font-size:39px}.elementor-widget-heading .elementor-heading-title.elementor-size-xxl{font-size:59px}<\/style><h2 class=\"elementor-heading-title elementor-size-default\">BiograF\u00cdA<\/h2>\t\t<\/div>\n\t\t\t\t<\/div>\n\t\t\t\t<div class=\"elementor-element elementor-element-604a4fc8 elementor-invisible elementor-widget elementor-widget-heading\" data-id=\"604a4fc8\" data-element_type=\"widget\" data-settings=\"{&quot;_animation&quot;:&quot;fadeInUp&quot;,&quot;_animation_delay&quot;:500}\" data-widget_type=\"heading.default\">\n\t\t\t\t<div class=\"elementor-widget-container\">\n\t\t\t<h6 class=\"elementor-heading-title elementor-size-default\">ahondar en su historia<\/h6>\t\t<\/div>\n\t\t\t\t<\/div>\n\t\t\t\t\t<\/div>\n\t\t<\/div>\n\t\t\t\t\t\t\t<\/div>\n\t\t<\/section>\n\t\t\t\t<section class=\"elementor-section elementor-top-section elementor-element elementor-element-70eb2c02 elementor-section-content-space-between elementor-section-boxed elementor-section-height-default elementor-section-height-default\" data-id=\"70eb2c02\" data-element_type=\"section\" data-settings=\"{&quot;background_background&quot;:&quot;classic&quot;}\">\n\t\t\t\t\t\t<div class=\"elementor-container elementor-column-gap-default\">\n\t\t\t\t\t<div class=\"elementor-column elementor-col-100 elementor-top-column elementor-element elementor-element-2de37b72\" data-id=\"2de37b72\" data-element_type=\"column\">\n\t\t\t<div class=\"elementor-widget-wrap elementor-element-populated\">\n\t\t\t\t\t\t\t\t<section class=\"elementor-section elementor-inner-section elementor-element elementor-element-11944b93 elementor-section-content-space-between elementor-section-boxed elementor-section-height-default elementor-section-height-default\" data-id=\"11944b93\" data-element_type=\"section\">\n\t\t\t\t\t\t<div class=\"elementor-container elementor-column-gap-default\">\n\t\t\t\t\t<div class=\"elementor-column elementor-col-33 elementor-inner-column elementor-element elementor-element-51e5de2d animated-slow elementor-invisible\" data-id=\"51e5de2d\" data-element_type=\"column\" data-settings=\"{&quot;animation&quot;:&quot;fadeInUp&quot;,&quot;animation_delay&quot;:500}\">\n\t\t\t<div class=\"elementor-widget-wrap elementor-element-populated\">\n\t\t\t\t\t\t\t\t<div class=\"elementor-element elementor-element-45c11c61 elementor-widget elementor-widget-image\" data-id=\"45c11c61\" data-element_type=\"widget\" data-widget_type=\"image.default\">\n\t\t\t\t<div class=\"elementor-widget-container\">\n\t\t\t<style>\/*! elementor - v3.18.0 - 20-12-2023 *\/\n.elementor-widget-image{text-align:center}.elementor-widget-image a{display:inline-block}.elementor-widget-image a img[src$=\".svg\"]{width:48px}.elementor-widget-image img{vertical-align:middle;display:inline-block}<\/style>\t\t\t\t\t\t\t\t\t\t\t\t<img fetchpriority=\"high\" decoding=\"async\" width=\"800\" height=\"534\" src=\"https:\/\/hectordelavega.es\/wp-content\/uploads\/2025\/09\/WhatsApp-Image-2025-09-16-at-18.50.27-1024x683.jpeg\" class=\"attachment-large size-large wp-image-537\" alt=\"\" srcset=\"https:\/\/hectordelavega.es\/wp-content\/uploads\/2025\/09\/WhatsApp-Image-2025-09-16-at-18.50.27-1024x683.jpeg 1024w, https:\/\/hectordelavega.es\/wp-content\/uploads\/2025\/09\/WhatsApp-Image-2025-09-16-at-18.50.27-300x200.jpeg 300w, https:\/\/hectordelavega.es\/wp-content\/uploads\/2025\/09\/WhatsApp-Image-2025-09-16-at-18.50.27-768x512.jpeg 768w, https:\/\/hectordelavega.es\/wp-content\/uploads\/2025\/09\/WhatsApp-Image-2025-09-16-at-18.50.27.jpeg 1500w\" sizes=\"(max-width: 800px) 100vw, 800px\" \/>\t\t\t\t\t\t\t\t\t\t\t\t\t\t\t<\/div>\n\t\t\t\t<\/div>\n\t\t\t\t<div class=\"elementor-element elementor-element-a087157 elementor-widget elementor-widget-heading\" data-id=\"a087157\" data-element_type=\"widget\" data-widget_type=\"heading.default\">\n\t\t\t\t<div class=\"elementor-widget-container\">\n\t\t\t<h5 class=\"elementor-heading-title elementor-size-default\">Inicios<\/h5>\t\t<\/div>\n\t\t\t\t<\/div>\n\t\t\t\t<div class=\"elementor-element elementor-element-23207ee0 elementor-widget__width-initial elementor-widget elementor-widget-text-editor\" data-id=\"23207ee0\" data-element_type=\"widget\" data-widget_type=\"text-editor.default\">\n\t\t\t\t<div class=\"elementor-widget-container\">\n\t\t\t<style>\/*! elementor - v3.18.0 - 20-12-2023 *\/\n.elementor-widget-text-editor.elementor-drop-cap-view-stacked .elementor-drop-cap{background-color:#69727d;color:#fff}.elementor-widget-text-editor.elementor-drop-cap-view-framed .elementor-drop-cap{color:#69727d;border:3px solid;background-color:transparent}.elementor-widget-text-editor:not(.elementor-drop-cap-view-default) .elementor-drop-cap{margin-top:8px}.elementor-widget-text-editor:not(.elementor-drop-cap-view-default) .elementor-drop-cap-letter{width:1em;height:1em}.elementor-widget-text-editor .elementor-drop-cap{float:left;text-align:center;line-height:1;font-size:50px}.elementor-widget-text-editor .elementor-drop-cap-letter{display:inline-block}<\/style>\t\t\t\t<p>Nace en Barcelona el 8\/11\/75, hijo de padres andaluces, y a la edad de seis a\u00f1os comienza sus estudios de guitarra con el maestro Don Lu\u00eds Garc\u00eda.<br \/>A los once a\u00f1os se traslada a Santa Cruz de Tenerife (Canarias), donde conoce, por mediaci\u00f3n de emigrantes andaluces, \u00abel flamenco\u00bb.<br \/>A los trece a\u00f1os, se traslada a Alcal\u00e1 de Henares (Madrid), donde recibe clases de guitarra de la mano del maestro Don Juan Carlos Jim\u00e9nez (Escuela de Andr\u00e9s Batista).<\/p>\t\t\t\t\t\t<\/div>\n\t\t\t\t<\/div>\n\t\t\t\t\t<\/div>\n\t\t<\/div>\n\t\t\t\t<div class=\"elementor-column elementor-col-33 elementor-inner-column elementor-element elementor-element-3924e83d\" data-id=\"3924e83d\" data-element_type=\"column\">\n\t\t\t<div class=\"elementor-widget-wrap elementor-element-populated\">\n\t\t\t\t\t\t\t\t<div class=\"elementor-element elementor-element-5954bc59 elementor-widget__width-inherit elementor-widget elementor-widget-heading\" data-id=\"5954bc59\" data-element_type=\"widget\" data-widget_type=\"heading.default\">\n\t\t\t\t<div class=\"elementor-widget-container\">\n\t\t\t<h3 class=\"elementor-heading-title elementor-size-default\">TransformaCi\u00f3n<\/h3>\t\t<\/div>\n\t\t\t\t<\/div>\n\t\t\t\t<div class=\"elementor-element elementor-element-22ef8180 elementor-widget elementor-widget-heading\" data-id=\"22ef8180\" data-element_type=\"widget\" data-widget_type=\"heading.default\">\n\t\t\t\t<div class=\"elementor-widget-container\">\n\t\t\t<h6 class=\"elementor-heading-title elementor-size-default\">DESDE LOS HUMILDES COMIENZOS HASTA SU MADUREZ MUSICAL<\/h6>\t\t<\/div>\n\t\t\t\t<\/div>\n\t\t\t\t<div class=\"elementor-element elementor-element-2a3aa81 elementor-widget elementor-widget-spacer\" data-id=\"2a3aa81\" data-element_type=\"widget\" data-widget_type=\"spacer.default\">\n\t\t\t\t<div class=\"elementor-widget-container\">\n\t\t\t<style>\/*! elementor - v3.18.0 - 20-12-2023 *\/\n.elementor-column .elementor-spacer-inner{height:var(--spacer-size)}.e-con{--container-widget-width:100%}.e-con-inner>.elementor-widget-spacer,.e-con>.elementor-widget-spacer{width:var(--container-widget-width,var(--spacer-size));--align-self:var(--container-widget-align-self,initial);--flex-shrink:0}.e-con-inner>.elementor-widget-spacer>.elementor-widget-container,.e-con>.elementor-widget-spacer>.elementor-widget-container{height:100%;width:100%}.e-con-inner>.elementor-widget-spacer>.elementor-widget-container>.elementor-spacer,.e-con>.elementor-widget-spacer>.elementor-widget-container>.elementor-spacer{height:100%}.e-con-inner>.elementor-widget-spacer>.elementor-widget-container>.elementor-spacer>.elementor-spacer-inner,.e-con>.elementor-widget-spacer>.elementor-widget-container>.elementor-spacer>.elementor-spacer-inner{height:var(--container-widget-height,var(--spacer-size))}.e-con-inner>.elementor-widget-spacer.elementor-widget-empty,.e-con>.elementor-widget-spacer.elementor-widget-empty{position:relative;min-height:22px;min-width:22px}.e-con-inner>.elementor-widget-spacer.elementor-widget-empty .elementor-widget-empty-icon,.e-con>.elementor-widget-spacer.elementor-widget-empty .elementor-widget-empty-icon{position:absolute;top:0;bottom:0;left:0;right:0;margin:auto;padding:0;width:22px;height:22px}<\/style>\t\t<div class=\"elementor-spacer\">\n\t\t\t<div class=\"elementor-spacer-inner\"><\/div>\n\t\t<\/div>\n\t\t\t\t<\/div>\n\t\t\t\t<\/div>\n\t\t\t\t<div class=\"elementor-element elementor-element-66e5b88c elementor-widget elementor-widget-image\" data-id=\"66e5b88c\" data-element_type=\"widget\" data-widget_type=\"image.default\">\n\t\t\t\t<div class=\"elementor-widget-container\">\n\t\t\t\t\t\t\t\t\t\t\t\t\t\t\t<img decoding=\"async\" width=\"800\" height=\"534\" src=\"https:\/\/hectordelavega.es\/wp-content\/uploads\/2024\/02\/synthesizer-keyboard-digital-recording-home-music-2021-09-03-09-02-09-utc-2-1024x683.jpg\" class=\"attachment-large size-large wp-image-259\" alt=\"\" srcset=\"https:\/\/hectordelavega.es\/wp-content\/uploads\/2024\/02\/synthesizer-keyboard-digital-recording-home-music-2021-09-03-09-02-09-utc-2-1024x683.jpg 1024w, https:\/\/hectordelavega.es\/wp-content\/uploads\/2024\/02\/synthesizer-keyboard-digital-recording-home-music-2021-09-03-09-02-09-utc-2-300x200.jpg 300w, https:\/\/hectordelavega.es\/wp-content\/uploads\/2024\/02\/synthesizer-keyboard-digital-recording-home-music-2021-09-03-09-02-09-utc-2-768x512.jpg 768w, https:\/\/hectordelavega.es\/wp-content\/uploads\/2024\/02\/synthesizer-keyboard-digital-recording-home-music-2021-09-03-09-02-09-utc-2-1536x1024.jpg 1536w, https:\/\/hectordelavega.es\/wp-content\/uploads\/2024\/02\/synthesizer-keyboard-digital-recording-home-music-2021-09-03-09-02-09-utc-2.jpg 1620w\" sizes=\"(max-width: 800px) 100vw, 800px\" \/>\t\t\t\t\t\t\t\t\t\t\t\t\t\t\t<\/div>\n\t\t\t\t<\/div>\n\t\t\t\t<div class=\"elementor-element elementor-element-5673506a elementor-widget elementor-widget-spacer\" data-id=\"5673506a\" data-element_type=\"widget\" data-widget_type=\"spacer.default\">\n\t\t\t\t<div class=\"elementor-widget-container\">\n\t\t\t\t\t<div class=\"elementor-spacer\">\n\t\t\t<div class=\"elementor-spacer-inner\"><\/div>\n\t\t<\/div>\n\t\t\t\t<\/div>\n\t\t\t\t<\/div>\n\t\t\t\t<div class=\"elementor-element elementor-element-cf91db elementor-widget elementor-widget-heading\" data-id=\"cf91db\" data-element_type=\"widget\" data-widget_type=\"heading.default\">\n\t\t\t\t<div class=\"elementor-widget-container\">\n\t\t\t<h5 class=\"elementor-heading-title elementor-size-default\">principios musicales<\/h5>\t\t<\/div>\n\t\t\t\t<\/div>\n\t\t\t\t<div class=\"elementor-element elementor-element-3100062f elementor-widget elementor-widget-text-editor\" data-id=\"3100062f\" data-element_type=\"widget\" data-widget_type=\"text-editor.default\">\n\t\t\t\t<div class=\"elementor-widget-container\">\n\t\t\t\t\t\t\t<p>A los catorce a\u00f1os, se traslada a la capital y estudia con varios maestros: Pucherete, Jos\u00e9 Aquilino \u00abEntri\u00bb y el maestro Manolo Sanlucar. Y comienza a tocar en numerosas Pe\u00f1as Flamencas de Madrid y provincia, as\u00ed como en Festivales, como guitarrista acompa\u00f1ante al cante.<br \/>Al mismo tiempo se forma con otros maestros de diferentes estilos: bossa, armon\u00eda, cl\u00e1sico&#8230; Con el maestro Savas de Hoces (Catedr\u00e1tico de cl\u00e1sico), guitarra moderna y armon\u00eda.<\/p>\t\t\t\t\t\t<\/div>\n\t\t\t\t<\/div>\n\t\t\t\t<div class=\"elementor-element elementor-element-6a6fb9fe elementor-widget elementor-widget-spacer\" data-id=\"6a6fb9fe\" data-element_type=\"widget\" data-widget_type=\"spacer.default\">\n\t\t\t\t<div class=\"elementor-widget-container\">\n\t\t\t\t\t<div class=\"elementor-spacer\">\n\t\t\t<div class=\"elementor-spacer-inner\"><\/div>\n\t\t<\/div>\n\t\t\t\t<\/div>\n\t\t\t\t<\/div>\n\t\t\t\t\t<\/div>\n\t\t<\/div>\n\t\t\t\t<div class=\"elementor-column elementor-col-33 elementor-inner-column elementor-element elementor-element-2b62f9d6\" data-id=\"2b62f9d6\" data-element_type=\"column\">\n\t\t\t<div class=\"elementor-widget-wrap elementor-element-populated\">\n\t\t\t\t\t\t\t\t<div class=\"elementor-element elementor-element-4b5186a4 elementor-widget elementor-widget-image\" data-id=\"4b5186a4\" data-element_type=\"widget\" data-widget_type=\"image.default\">\n\t\t\t\t<div class=\"elementor-widget-container\">\n\t\t\t\t\t\t\t\t\t\t\t\t\t\t\t<img decoding=\"async\" width=\"800\" height=\"598\" src=\"https:\/\/hectordelavega.es\/wp-content\/uploads\/2025\/09\/WhatsApp-Image-2025-09-16-at-18.50.26-1024x765.jpeg\" class=\"attachment-large size-large wp-image-535\" alt=\"\" srcset=\"https:\/\/hectordelavega.es\/wp-content\/uploads\/2025\/09\/WhatsApp-Image-2025-09-16-at-18.50.26-1024x765.jpeg 1024w, https:\/\/hectordelavega.es\/wp-content\/uploads\/2025\/09\/WhatsApp-Image-2025-09-16-at-18.50.26-300x224.jpeg 300w, https:\/\/hectordelavega.es\/wp-content\/uploads\/2025\/09\/WhatsApp-Image-2025-09-16-at-18.50.26-768x574.jpeg 768w, https:\/\/hectordelavega.es\/wp-content\/uploads\/2025\/09\/WhatsApp-Image-2025-09-16-at-18.50.26.jpeg 1185w\" sizes=\"(max-width: 800px) 100vw, 800px\" \/>\t\t\t\t\t\t\t\t\t\t\t\t\t\t\t<\/div>\n\t\t\t\t<\/div>\n\t\t\t\t<div class=\"elementor-element elementor-element-661d1dd1 elementor-widget elementor-widget-heading\" data-id=\"661d1dd1\" data-element_type=\"widget\" data-widget_type=\"heading.default\">\n\t\t\t\t<div class=\"elementor-widget-container\">\n\t\t\t<h5 class=\"elementor-heading-title elementor-size-default\">crecimiento<\/h5>\t\t<\/div>\n\t\t\t\t<\/div>\n\t\t\t\t<div class=\"elementor-element elementor-element-1665c106 elementor-widget__width-initial elementor-widget elementor-widget-text-editor\" data-id=\"1665c106\" data-element_type=\"widget\" data-widget_type=\"text-editor.default\">\n\t\t\t\t<div class=\"elementor-widget-container\">\n\t\t\t\t\t\t\t<p>Con quince a\u00f1os empieza a trabajar como guitarrista acompa\u00f1ante al baile con Gerardo N\u00fa\u00f1ez y Carmen Cort\u00e9s, Diego el Cigala, Rafale Fajardo, Toni Maya&#8230; entre otros. Al mismo tiempo actua con artistas como, Enrique de Melchor, Isabel Pantoja, Indio Gitano, Juan Ram\u00edrez, Paquete (Barber\u00eda del Sur), Rafael Jim\u00e9nez \u00abEl Falo\u00bb, Jos\u00e9 Maya, China, Ketama, Paco Romero, Ciro, Camale\u00f3n (Jazz Fusi\u00f3n, J. Galicia, del que fue componente del grupo), con el que graba dos discos. Guadiana, Ram\u00f3n el Portugu\u00e9s, Potito, Sara Baras, Joaqu\u00edn \u00abEl Grilo\u00bb, H. Reyes, Tati, F. Robles, Milagros Menjibar, Chicuelo, Antonio Reyes, Manuel reyes, Alfonso Losa, Ra\u00fal Ortega, Roc\u00edo Molina, Rafaela Carrasco, Isabel Ball\u00f3n, Esperanza Fern\u00e1ndez, Shoji Kojima, Juana Amaya y un largo etcetera de artistas.<\/p>\t\t\t\t\t\t<\/div>\n\t\t\t\t<\/div>\n\t\t\t\t\t<\/div>\n\t\t<\/div>\n\t\t\t\t\t\t\t<\/div>\n\t\t<\/section>\n\t\t\t\t<section class=\"elementor-section elementor-inner-section elementor-element elementor-element-4c8ae8d0 elementor-section-content-space-between elementor-section-boxed elementor-section-height-default elementor-section-height-default\" data-id=\"4c8ae8d0\" data-element_type=\"section\">\n\t\t\t\t\t\t<div class=\"elementor-container elementor-column-gap-default\">\n\t\t\t\t\t<div class=\"elementor-column elementor-col-33 elementor-inner-column elementor-element elementor-element-2bec342d animated-slow elementor-invisible\" data-id=\"2bec342d\" data-element_type=\"column\" data-settings=\"{&quot;animation&quot;:&quot;fadeInUp&quot;,&quot;animation_delay&quot;:500}\">\n\t\t\t<div class=\"elementor-widget-wrap elementor-element-populated\">\n\t\t\t\t\t\t\t\t<div class=\"elementor-element elementor-element-3f84878f elementor-widget elementor-widget-heading\" data-id=\"3f84878f\" data-element_type=\"widget\" data-widget_type=\"heading.default\">\n\t\t\t\t<div class=\"elementor-widget-container\">\n\t\t\t<h5 class=\"elementor-heading-title elementor-size-default\">productor \/ compositor<\/h5>\t\t<\/div>\n\t\t\t\t<\/div>\n\t\t\t\t<div class=\"elementor-element elementor-element-125fc840 elementor-widget elementor-widget-heading\" data-id=\"125fc840\" data-element_type=\"widget\" data-widget_type=\"heading.default\">\n\t\t\t\t<div class=\"elementor-widget-container\">\n\t\t\t<h6 class=\"elementor-heading-title elementor-size-default\">conocer la m\u00fasica antes de la creaci\u00f3n<\/h6>\t\t<\/div>\n\t\t\t\t<\/div>\n\t\t\t\t<div class=\"elementor-element elementor-element-fc2cd3f elementor-widget elementor-widget-spacer\" data-id=\"fc2cd3f\" data-element_type=\"widget\" data-widget_type=\"spacer.default\">\n\t\t\t\t<div class=\"elementor-widget-container\">\n\t\t\t\t\t<div class=\"elementor-spacer\">\n\t\t\t<div class=\"elementor-spacer-inner\"><\/div>\n\t\t<\/div>\n\t\t\t\t<\/div>\n\t\t\t\t<\/div>\n\t\t\t\t<div class=\"elementor-element elementor-element-3ee8c1ee elementor-widget elementor-widget-text-editor\" data-id=\"3ee8c1ee\" data-element_type=\"widget\" data-widget_type=\"text-editor.default\">\n\t\t\t\t<div class=\"elementor-widget-container\">\n\t\t\t\t\t\t\t<p>Compone m\u00fasica (grabaciones) para obras Flamencas, como para: Contratiempo, Miguel Angel Rojas, Eva Yerbag\u00fcena, Rafael Amargo y un largo etc.<br \/>Produce y compone el espect\u00e1culo (DOS MUNDOS) galardonado con el PRIMER PREMIO NACIONAL, en el certamen de danza (teatro alb\u00e9niz)<br \/>Entra a formar parte de compa\u00f1\u00edas flamencas como, Cumbre Flamenca (Paco S\u00e1nchez), Campanas Flamencas, Flamenco 2000, y otras.<br \/>Trabaja con el guitarrista J. M. Ca\u00f1izares.<br \/>Compone la m\u00fasica para los cinco \u00faltimos espect\u00e1culos de Rafael Amargo.<br \/>Graba m\u00fasica para cine entre otros proyectos<\/p>\t\t\t\t\t\t<\/div>\n\t\t\t\t<\/div>\n\t\t\t\t\t<\/div>\n\t\t<\/div>\n\t\t\t\t<div class=\"elementor-column elementor-col-33 elementor-inner-column elementor-element elementor-element-2ccd5a1e animated-slow elementor-invisible\" data-id=\"2ccd5a1e\" data-element_type=\"column\" data-settings=\"{&quot;animation&quot;:&quot;fadeInUp&quot;}\">\n\t\t\t<div class=\"elementor-widget-wrap elementor-element-populated\">\n\t\t\t\t\t\t\t\t<div class=\"elementor-element elementor-element-35bbb5a2 elementor-widget elementor-widget-image\" data-id=\"35bbb5a2\" data-element_type=\"widget\" data-widget_type=\"image.default\">\n\t\t\t\t<div class=\"elementor-widget-container\">\n\t\t\t\t\t\t\t\t\t\t\t\t\t\t\t<img loading=\"lazy\" decoding=\"async\" width=\"800\" height=\"534\" src=\"https:\/\/hectordelavega.es\/wp-content\/uploads\/2025\/09\/WhatsApp-Image-2025-09-16-at-18.50.26-2-1024x683.jpeg\" class=\"attachment-large size-large wp-image-536\" alt=\"\" srcset=\"https:\/\/hectordelavega.es\/wp-content\/uploads\/2025\/09\/WhatsApp-Image-2025-09-16-at-18.50.26-2-1024x683.jpeg 1024w, https:\/\/hectordelavega.es\/wp-content\/uploads\/2025\/09\/WhatsApp-Image-2025-09-16-at-18.50.26-2-300x200.jpeg 300w, https:\/\/hectordelavega.es\/wp-content\/uploads\/2025\/09\/WhatsApp-Image-2025-09-16-at-18.50.26-2-768x512.jpeg 768w, https:\/\/hectordelavega.es\/wp-content\/uploads\/2025\/09\/WhatsApp-Image-2025-09-16-at-18.50.26-2.jpeg 1500w\" sizes=\"(max-width: 800px) 100vw, 800px\" \/>\t\t\t\t\t\t\t\t\t\t\t\t\t\t\t<\/div>\n\t\t\t\t<\/div>\n\t\t\t\t<div class=\"elementor-element elementor-element-5e806328 elementor-widget elementor-widget-spacer\" data-id=\"5e806328\" data-element_type=\"widget\" data-widget_type=\"spacer.default\">\n\t\t\t\t<div class=\"elementor-widget-container\">\n\t\t\t\t\t<div class=\"elementor-spacer\">\n\t\t\t<div class=\"elementor-spacer-inner\"><\/div>\n\t\t<\/div>\n\t\t\t\t<\/div>\n\t\t\t\t<\/div>\n\t\t\t\t\t<\/div>\n\t\t<\/div>\n\t\t\t\t<div class=\"elementor-column elementor-col-33 elementor-inner-column elementor-element elementor-element-44ad6ad4 animated-slow elementor-invisible\" data-id=\"44ad6ad4\" data-element_type=\"column\" data-settings=\"{&quot;animation&quot;:&quot;fadeInUp&quot;,&quot;animation_delay&quot;:500}\">\n\t\t\t<div class=\"elementor-widget-wrap elementor-element-populated\">\n\t\t\t\t\t\t\t\t<div class=\"elementor-element elementor-element-4c7518e elementor-widget elementor-widget-heading\" data-id=\"4c7518e\" data-element_type=\"widget\" data-widget_type=\"heading.default\">\n\t\t\t\t<div class=\"elementor-widget-container\">\n\t\t\t<h5 class=\"elementor-heading-title elementor-size-default\">lanzamiento de su primer disco<\/h5>\t\t<\/div>\n\t\t\t\t<\/div>\n\t\t\t\t<div class=\"elementor-element elementor-element-74790cf elementor-widget elementor-widget-heading\" data-id=\"74790cf\" data-element_type=\"widget\" data-widget_type=\"heading.default\">\n\t\t\t\t<div class=\"elementor-widget-container\">\n\t\t\t<h6 class=\"elementor-heading-title elementor-size-default\">Desvelando infinitos horizontes creativos<\/h6>\t\t<\/div>\n\t\t\t\t<\/div>\n\t\t\t\t<div class=\"elementor-element elementor-element-294dfeee elementor-widget elementor-widget-spacer\" data-id=\"294dfeee\" data-element_type=\"widget\" data-widget_type=\"spacer.default\">\n\t\t\t\t<div class=\"elementor-widget-container\">\n\t\t\t\t\t<div class=\"elementor-spacer\">\n\t\t\t<div class=\"elementor-spacer-inner\"><\/div>\n\t\t<\/div>\n\t\t\t\t<\/div>\n\t\t\t\t<\/div>\n\t\t\t\t<div class=\"elementor-element elementor-element-3add29ef elementor-widget elementor-widget-text-editor\" data-id=\"3add29ef\" data-element_type=\"widget\" data-widget_type=\"text-editor.default\">\n\t\t\t\t<div class=\"elementor-widget-container\">\n\t\t\t\t\t\t\t<p>Graba su primer disco \u201cTRAVESIA DE LA SOLEDAD\u201d en 2007.<br \/>Un disco inspirado en muchas m\u00fasicas que compuso para obras de teatro y que cont\u00f3 con la ayuda de muchos artistas y compa\u00f1eros que en el reflejaron su arte.<\/p><p>El 10 de Octubre de 2025 es el lanzamiento de su segundo trabajo \u00abMenudo coraz\u00f3n\u00bb<\/p><p>Menudo Coraz\u00f3n es el resultado de cuatro a\u00f1os de trabajo de grabaci\u00f3n y producci\u00f3n, un disco flamenco creado con mimo, tiempo y verdad. Cada tema fue desarrollado con una dedicaci\u00f3n absoluta, cuidando cada detalle sonoro y art\u00edstico.<br \/>Grabado mayoritariamente en su estudio en casa refleja la calidez e intimidad de este.<\/p><p>Y con la participaci\u00f3n de grandes figuras del flamenco, el disco cuenta con un amplio elenco de colaboraciones vocales e instrumentales. Todos los artistas involucrados aportaron su arte de manera altruista, dejando una huella profunda en cada canci\u00f3n.<\/p>\t\t\t\t\t\t<\/div>\n\t\t\t\t<\/div>\n\t\t\t\t\t<\/div>\n\t\t<\/div>\n\t\t\t\t\t\t\t<\/div>\n\t\t<\/section>\n\t\t\t\t\t<\/div>\n\t\t<\/div>\n\t\t\t\t\t\t\t<\/div>\n\t\t<\/section>\n\t\t\t\t\t\t\t<\/div>\n\t\t","protected":false},"excerpt":{"rendered":"<p>BiograF\u00cdA ahondar en su historia Inicios Nace en Barcelona el 8\/11\/75, hijo de padres andaluces, y a la edad de seis a\u00f1os comienza sus estudios de guitarra con el maestro Don Lu\u00eds Garc\u00eda.A los once a\u00f1os se traslada a Santa Cruz de Tenerife (Canarias), donde conoce, por mediaci\u00f3n de emigrantes andaluces, \u00abel flamenco\u00bb.A los trece [&hellip;]<\/p>\n","protected":false},"author":2,"featured_media":0,"parent":0,"menu_order":0,"comment_status":"closed","ping_status":"closed","template":"","meta":{"om_disable_all_campaigns":false,"_monsterinsights_skip_tracking":false,"_monsterinsights_sitenote_active":false,"_monsterinsights_sitenote_note":"","_monsterinsights_sitenote_category":0,"footnotes":""},"aioseo_notices":[],"_links":{"self":[{"href":"https:\/\/hectordelavega.es\/index.php\/wp-json\/wp\/v2\/pages\/257"}],"collection":[{"href":"https:\/\/hectordelavega.es\/index.php\/wp-json\/wp\/v2\/pages"}],"about":[{"href":"https:\/\/hectordelavega.es\/index.php\/wp-json\/wp\/v2\/types\/page"}],"author":[{"embeddable":true,"href":"https:\/\/hectordelavega.es\/index.php\/wp-json\/wp\/v2\/users\/2"}],"replies":[{"embeddable":true,"href":"https:\/\/hectordelavega.es\/index.php\/wp-json\/wp\/v2\/comments?post=257"}],"version-history":[{"count":31,"href":"https:\/\/hectordelavega.es\/index.php\/wp-json\/wp\/v2\/pages\/257\/revisions"}],"predecessor-version":[{"id":543,"href":"https:\/\/hectordelavega.es\/index.php\/wp-json\/wp\/v2\/pages\/257\/revisions\/543"}],"wp:attachment":[{"href":"https:\/\/hectordelavega.es\/index.php\/wp-json\/wp\/v2\/media?parent=257"}],"curies":[{"name":"wp","href":"https:\/\/api.w.org\/{rel}","templated":true}]}}